{"id":100,"date":"2013-12-09T21:04:35","date_gmt":"2013-12-09T21:04:35","guid":{"rendered":"http:\/\/databazefirem.eu\/?page_id=100"},"modified":"2021-02-10T18:57:34","modified_gmt":"2021-02-10T18:57:34","slug":"databaze-obci-s-kontakty-na-starosty","status":"publish","type":"page","link":"http:\/\/databazefirem.eu\/index.php\/databaze-obci-s-kontakty-na-starosty\/","title":{"rendered":"DATAB\u00c1ZE OBC\u00cd s kontakty na starosty"},"content":{"rendered":"<div style=\"margin-top: 120px;\">\n<p><span style=\"color: #4b6b00;\"><strong><span style=\"font-size: large;\">DATAB\u00c1ZE M\u011aST a OBC\u00cd, Seznam starost\u016f 2018<\/span><\/strong><\/span><\/p>\n<p><em>Seznam starost\u016f po volb\u00e1ch 2018.<\/em> Aktualizace str\u00e1nky. 10.02.2021<\/p>\n<p>Datab\u00e1ze obc\u00ed, adres\u00e1\u0159 obc\u00ed \u010cR s kontakty na starosty<\/p>\n<p>Datab\u00e1ze m\u011bst a obc\u00ed obsahuje 6250 m\u011bst a obc\u00ed,\u00a0obecn\u00edch\u00a0\u00fa\u0159ad\u016f. Struktura: N\u00c1ZEV, OBEC, I\u010c, K\u00d3D OBCE, ULICE, PS\u010c, PO\u0160TA, OKRES, KRAJ, PO\u010cET ZAM\u011aSTNAC\u016e, OBRAT, VELIKOST OBCE(PO\u010cET OBYVATEL), STAROSTA (TITUL, JM\u00c9NO, P\u0158\u00cdJMEN\u00cd, FUNKCE) EMAIL CZECHPOINT, POZN\u00c1MKA, TELEFON, E-MAIL, URL.       \u00a0<\/p>\n<p>Datab\u00e1ze obc\u00ed je k dispozici ve form\u00e1tu XLS tabulky<\/p>\n<p>Cena 10.900,- K\u010d bez DPH<\/p>\n<p>Aktualizace datab\u00e1ze: 11\/2019<\/p>\n<p><a href=\"http:\/\/www.databaze-firem.net\/databaze.obci\/obecni.urady.vzorek.xls\">Vzorek datab\u00e1ze obc\u00ed v Excelu.<\/a><\/p>\n<p><a href=\"http:\/\/www.databaze-firem.net\/files\/objednavka%20soubordb.doc\"><img style=\"margin-left: -3px;\" src=\"http:\/\/databazefirem.eu\/img\/objednavka.png\" alt=\"\" \/><\/a><\/p>\n<p><strong>K dispozici m\u00e1me i dal\u0161\u00ed specializovan\u00e9 datab\u00e1ze. Jejich popis a ceny zobraz\u00edte kliknut\u00edm na objedn\u00e1vku v\u00fd\u0161e.<\/strong><\/p>\n<p>Datab\u00e1ze &#8211; n\u00e1vrhy interi\u00e9r\u016f<br \/>\nDatab\u00e1ze Autoservisy a pneuservisy<br \/>\nDatab\u00e1ze Develope\u0159i \u010cR<br \/>\nDatab\u00e1ze dopravn\u00edch firem<br \/>\nDatab\u00e1ze elektroinstala\u010dn\u00edch firem<br \/>\nDatab\u00e1ze elektroprojektant\u016f<br \/>\nDatab\u00e1ze instalat\u00e9r\u016f a topen\u00e1\u0159\u016f<br \/>\nDatab\u00e1ze mate\u0159sk\u00fdch \u0161kol<br \/>\nDatab\u00e1ze Penziony v \u010cR<br \/>\nDatab\u00e1ze podlah\u00e1\u0159\u016f a obklada\u010d\u016f<br \/>\nDatab\u00e1ze praktick\u00fdch l\u00e9ka\u0159\u016f<br \/>\nDatab\u00e1ze Prodejci stavebnin<br \/>\nDatab\u00e1ze Prodejci v\u00fdpo\u010detn\u00ed techniky<br \/>\nDatab\u00e1ze prodejc\u016f chovatelsk\u00fdch pot\u0159eb<br \/>\nDatab\u00e1ze Restaurace a vin\u00e1rny \u010cR<br \/>\nDatab\u00e1ze stavebn\u00edch firem<br \/>\nDatab\u00e1ze st\u0159edn\u00edch \u0161kol<br \/>\nDatab\u00e1ze truhl\u00e1\u0159\u016f a stola\u0159\u016f<br \/>\nDatab\u00e1ze \u00fa\u010detn\u00edch firem a da\u0148ov\u00fdch poradc\u016f<br \/>\nDatab\u00e1ze Vina\u0159stv\u00ed v \u010cR<br \/>\nDatab\u00e1ze V\u00fdrobci oken a dve\u0159\u00ed<br \/>\nDatab\u00e1ze z\u00e1kladn\u00edch \u0161kol<br \/>\nDatab\u00e1ze z\u00e1me\u010dn\u00edk\u016f<br \/>\nDatab\u00e1ze zem\u011bd\u011blsk\u00fdch firem <\/p>\n<table>\n<tr>\n<td>\n<p><script src=\"http:\/\/c1.navrcholu.cz\/code?site=140841;t=o88\" type=\"text\/javascript\"><\/script><noscript><\/p>\n<div><a href=\"http:\/\/navrcholu.cz\/\"><img loading=\"lazy\" src=\"http:\/\/c1.navrcholu.cz\/hit?site=140841;t=o88;ref=;jss=0\" width=\"88\" height=\"31\" alt=\"NAVRCHOLU.cz\" style=\"border:none\" \/><\/a><\/div>\n<p><\/noscript><\/p>\n<\/td>\n<td>\n<p><a href=\"http:\/\/www.toplist.cz\/stat\/1607960\"><script language=\"JavaScript\" type=\"text\/javascript\">\n<!--\ndocument.write('<img loading=\"lazy\" src=\"http:\/\/toplist.cz\/count.asp?id=1607960&logo=3&http='+escape(document.referrer)+'&t='+escape(document.title)+\n'&wi='+escape(window.screen.width)+'&he='+escape(window.screen.height)+'&cd='+escape(window.screen.colorDepth)+'\" width=\"88\" height=\"31\" border=0 alt=\"TOPlist\" \/>');\n\/\/--><\/script><noscript><img loading=\"lazy\" src=\"http:\/\/toplist.cz\/count.asp?id=1607960&#038;logo=3\" border=\"0\"\nalt=\"TOPlist\" width=\"88\" height=\"31\" \/><\/noscript><\/a><\/p>\n<\/td>\n<td>\n<p><a href=\"http:\/\/www.czin.eu\/in\/1423856071.html\"><img loading=\"lazy\" src=\"http:\/\/i.czin.eu\/czinik.gif\" alt=\"CZIN.eu\" width=\"88\" height=\"31\" border=\"0\"><\/a><\/p>\n<\/td>\n<td>\n<p><a href=\"http:\/\/www.waudit.cz\/\"><script type=\"text\/javascript\">\n<!--\ndocument.write('<img loading=\"lazy\" src=\"http:\/\/h.waudit.cz\/h.php?id=25859&amp;ty=b_31&amp;js=1&amp;x='+screen.width+'&amp;y='+screen.height+'&amp;bit='+screen.colorDepth+'&amp;wx=0&amp;wy=0&amp;url='+escape(document.location)+'&amp;ref='+escape(top.document.referrer)+'\" width=\"88\" height=\"31\" border=\"0\" title=\"\" alt=\"\" \/>');\n\/\/ -->\n<\/script><\/a><br \/>\n<noscript><a href=\"http:\/\/www.waudit.cz\/\"><img loading=\"lazy\" src=\"http:\/\/h.waudit.cz\/h.php?id=25859&amp;ty=b_31\" width=\"88\" height=\"31\" border=\"0\" title=\"\" alt=\"\" \/><\/a><\/noscript>\n<\/td>\n<td>\n<!-- http:\/\/vsevjednom.cz - pocitadlo --><br \/>\n<script src=\"http:\/\/vsevjednom.cz\/poc_count.php?poc=24938&amp;typ=4&amp;lan=cs&amp;js=1\" type=\"text\/javascript\">\n<\/script><br \/>\n<noscript><\/p>\n<p>\n<a href=\"http:\/\/vsevjednom.cz\/\"><br \/>\n<img src=\"http:\/\/vsevjednom.cz\/pocitadlo_.php?poc=24938&amp;typ=4&amp;lan=cs&amp;js=0\" alt=\"Vsevjednom.cz\" style=\"border: 0px; height: 31px; width: 88px\"><br \/>\n<\/a>\n<\/p>\n<p><\/noscript><br \/>\n<!-- http:\/\/vsevjednom.cz - pocitadlo konec -->\n<\/td>\n<\/tr>\n<\/table>\n","protected":false},"excerpt":{"rendered":"<p>DATAB\u00c1ZE M\u011aST a OBC\u00cd, Seznam starost\u016f 2018 Seznam starost\u016f po volb\u00e1ch 2018. Aktualizace str\u00e1nky. 10.02.2021 Datab\u00e1ze obc\u00ed, adres\u00e1\u0159 obc\u00ed \u010cR s kontakty na starosty Datab\u00e1ze m\u011bst a obc\u00ed obsahuje 6250 m\u011bst a obc\u00ed,\u00a0obecn\u00edch\u00a0\u00fa\u0159ad\u016f. Struktura: N\u00c1ZEV, OBEC, I\u010c, K\u00d3D OBCE, ULICE, PS\u010c, PO\u0160TA, OKRES, KRAJ, PO\u010cET ZAM\u011aSTNAC\u016e, OBRAT, VELIKOST OBCE(PO\u010cET OBYVATEL), STAROSTA (TITUL, JM\u00c9NO, P\u0158\u00cdJMEN\u00cd, FUNKCE) [&hellip;]<\/p>\n","protected":false},"author":1,"featured_media":0,"parent":0,"menu_order":0,"comment_status":"closed","ping_status":"closed","template":"","meta":[],"aioseo_notices":[],"_links":{"self":[{"href":"http:\/\/databazefirem.eu\/index.php\/wp-json\/wp\/v2\/pages\/100"}],"collection":[{"href":"http:\/\/databazefirem.eu\/index.php\/wp-json\/wp\/v2\/pages"}],"about":[{"href":"http:\/\/databazefirem.eu\/index.php\/wp-json\/wp\/v2\/types\/page"}],"author":[{"embeddable":true,"href":"http:\/\/databazefirem.eu\/index.php\/wp-json\/wp\/v2\/users\/1"}],"replies":[{"embeddable":true,"href":"http:\/\/databazefirem.eu\/index.php\/wp-json\/wp\/v2\/comments?post=100"}],"version-history":[{"count":79,"href":"http:\/\/databazefirem.eu\/index.php\/wp-json\/wp\/v2\/pages\/100\/revisions"}],"predecessor-version":[{"id":1044,"href":"http:\/\/databazefirem.eu\/index.php\/wp-json\/wp\/v2\/pages\/100\/revisions\/1044"}],"wp:attachment":[{"href":"http:\/\/databazefirem.eu\/index.php\/wp-json\/wp\/v2\/media?parent=100"}],"curies":[{"name":"wp","href":"https:\/\/api.w.org\/{rel}","templated":true}]}}