{"id":168,"date":"2013-12-09T22:19:25","date_gmt":"2013-12-09T22:19:25","guid":{"rendered":"http:\/\/databazefirem.eu\/?page_id=168"},"modified":"2024-05-22T10:42:56","modified_gmt":"2024-05-22T10:42:56","slug":"architekti-a-projektanti-cr","status":"publish","type":"page","link":"http:\/\/databazefirem.eu\/index.php\/architekti-a-projektanti-cr\/","title":{"rendered":"Architekti a projektanti \u010cR"},"content":{"rendered":"<div style=\"margin-top: 120px;\"><span style=\"color: #4b6b00; font-size: large;\"><strong>Datab\u00e1ze architekt\u016f a projektant\u016f<\/strong><\/span><\/div>\n<div style=\"margin-top: 20px;\">Datab\u00e1ze obsahuje cca 3 900 kontakt\u016f na architekty a projektanty v \u010cR<br \/>\nStruktura datab\u00e1ze: N\u00e1zev, Ulice, PS\u010c, M\u011bsto, Telefon, Email (3 600), www (2 000)<br \/>\nForm\u00e1t datab\u00e1ze: XLS<\/div>\n<div style=\"margin-top: 20px;\"><\/div>\n<div style=\"text-align: left;\" align=\"center\"><a href=\"https:\/\/www.databaze-firem.net\/files\/OBJEDNAVKA%20SOUBORDB.doc\"><img style=\"margin-left: -3px;\" src=\"http:\/\/databazefirem.eu\/img\/objednavka.png\" \/><\/a><\/div>\n<div style=\"text-align: left;\" align=\"center\"><\/div>\n<div style=\"text-align: left;\" align=\"center\"><strong>Soubor specializovan\u00fdch datab\u00e1z\u00ed vybran\u00fdch c\u00edlov\u00fdch skupin<\/strong><\/div>\n<p style=\"text-align: left;\">Data v datab\u00e1z\u00edch jsou ov\u011b\u0159ena telemarketingem, nebo jin\u00fdm spolehliv\u00fdm zp\u016fsobem. Firmy maj\u00ed ov\u011b\u0159en\u00e9 a spr\u00e1vn\u011b za\u0159azen\u00e9 obory \u010dinnosti a kontaktn\u00ed \u00fadaje. Datab\u00e1ze jsou k dispozici bez ovl\u00e1dac\u00edho programu ve form\u00e1tech XLS (MS Excel), MDB (MS Access) nebo DBF (MS FoxPro).<\/p>\n<p><strong>K dispozici m\u00e1me i dal\u0161\u00ed specializovan\u00e9 datab\u00e1ze. Jejich popis a ceny zobraz\u00edte kliknut\u00edm na objedn\u00e1vku v\u00fd\u0161e.<\/strong><\/p>\n<p>Datab\u00e1ze &#8211; n\u00e1vrhy interi\u00e9r\u016f<br \/>\nDatab\u00e1ze Autoservisy a pneuservisy<br \/>\nDatab\u00e1ze Develope\u0159i \u010cR<br \/>\nDatab\u00e1ze dopravn\u00edch firem<br \/>\nDatab\u00e1ze elektroinstala\u010dn\u00edch firem<br \/>\nDatab\u00e1ze elektroprojektant\u016f<br \/>\nDatab\u00e1ze instalat\u00e9r\u016f a topen\u00e1\u0159\u016f<br \/>\nDatab\u00e1ze mate\u0159sk\u00fdch \u0161kol<br \/>\nDatab\u00e1ze Penziony v \u010cR<br \/>\nDatab\u00e1ze podlah\u00e1\u0159\u016f a obklada\u010d\u016f<br \/>\nDatab\u00e1ze praktick\u00fdch l\u00e9ka\u0159\u016f<br \/>\nDatab\u00e1ze Prodejci stavebnin<br \/>\nDatab\u00e1ze Prodejci v\u00fdpo\u010detn\u00ed techniky<br \/>\nDatab\u00e1ze prodejc\u016f chovatelsk\u00fdch pot\u0159eb<br \/>\nDatab\u00e1ze Restaurace a vin\u00e1rny \u010cR<br \/>\nDatab\u00e1ze stavebn\u00edch firem<br \/>\nDatab\u00e1ze st\u0159edn\u00edch \u0161kol<br \/>\nDatab\u00e1ze truhl\u00e1\u0159\u016f a stola\u0159\u016f<br \/>\nDatab\u00e1ze \u00fa\u010detn\u00edch firem a da\u0148ov\u00fdch poradc\u016f<br \/>\nDatab\u00e1ze Vina\u0159stv\u00ed v \u010cR<br \/>\nDatab\u00e1ze V\u00fdrobci oken a dve\u0159\u00ed<br \/>\nDatab\u00e1ze z\u00e1kladn\u00edch \u0161kol<br \/>\nDatab\u00e1ze z\u00e1me\u010dn\u00edk\u016f<br \/>\nDatab\u00e1ze zem\u011bd\u011blsk\u00fdch firem<\/p>\n<table>\n<tbody>\n<tr>\n<td><script src=\"http:\/\/c1.navrcholu.cz\/code?site=140841;t=o88\" type=\"text\/javascript\"><\/script><noscript><\/p>\n<div><a href=\"http:\/\/navrcholu.cz\/\"><img loading=\"lazy\" src=\"http:\/\/c1.navrcholu.cz\/hit?site=140841;t=o88;ref=;jss=0\" width=\"88\" height=\"31\" alt=\"NAVRCHOLU.cz\" style=\"border:none\"><\/a><\/div>\n<p><\/noscript><\/td>\n<td><a href=\"http:\/\/www.toplist.cz\/stat\/1698934\"><script language=\"JavaScript\" type=\"text\/javascript\"><br \/>\n<!--\ndocument.write('<img loading=\"lazy\" src=\"https:\/\/toplist.cz\/count.asp?id=1698934&http='+escape(document.referrer)+'&t='+escape(document.title)+\n'&wi='+escape(window.screen.width)+'&he='+escape(window.screen.height)+'&cd='+escape(window.screen.colorDepth)+'\" width=\"88\" height=\"31\" border=0 alt=\"TOPlist\" \/>');\n\/\/--><\/script><noscript><img loading=\"lazy\" src=\"https:\/\/toplist.cz\/count.asp?id=1698934\" border=\"0\" alt=\"TOPlist\" width=\"88\" height=\"31\"><\/noscript><\/a><\/td>\n<td><a href=\"http:\/\/www.czin.eu\/in\/1435314439.html\"><img loading=\"lazy\" src=\"http:\/\/i.czin.eu\/czin_eu.gif\" alt=\"CZIN.eu\" width=\"80\" height=\"15\" border=\"0\" \/><\/a><\/td>\n<\/tr>\n<\/tbody>\n<\/table>\n","protected":false},"excerpt":{"rendered":"<p>Datab\u00e1ze architekt\u016f a projektant\u016f Datab\u00e1ze obsahuje cca 3 900 kontakt\u016f na architekty a projektanty v \u010cR Struktura datab\u00e1ze: N\u00e1zev, Ulice, PS\u010c, M\u011bsto, Telefon, Email (3 600), www (2 000) Form\u00e1t datab\u00e1ze: XLS Soubor specializovan\u00fdch datab\u00e1z\u00ed vybran\u00fdch c\u00edlov\u00fdch skupin Data v datab\u00e1z\u00edch jsou ov\u011b\u0159ena telemarketingem, nebo jin\u00fdm spolehliv\u00fdm zp\u016fsobem. Firmy maj\u00ed ov\u011b\u0159en\u00e9 a spr\u00e1vn\u011b za\u0159azen\u00e9 obory [&hellip;]<\/p>\n","protected":false},"author":1,"featured_media":0,"parent":0,"menu_order":0,"comment_status":"closed","ping_status":"closed","template":"","meta":[],"aioseo_notices":[],"_links":{"self":[{"href":"http:\/\/databazefirem.eu\/index.php\/wp-json\/wp\/v2\/pages\/168"}],"collection":[{"href":"http:\/\/databazefirem.eu\/index.php\/wp-json\/wp\/v2\/pages"}],"about":[{"href":"http:\/\/databazefirem.eu\/index.php\/wp-json\/wp\/v2\/types\/page"}],"author":[{"embeddable":true,"href":"http:\/\/databazefirem.eu\/index.php\/wp-json\/wp\/v2\/users\/1"}],"replies":[{"embeddable":true,"href":"http:\/\/databazefirem.eu\/index.php\/wp-json\/wp\/v2\/comments?post=168"}],"version-history":[{"count":21,"href":"http:\/\/databazefirem.eu\/index.php\/wp-json\/wp\/v2\/pages\/168\/revisions"}],"predecessor-version":[{"id":1074,"href":"http:\/\/databazefirem.eu\/index.php\/wp-json\/wp\/v2\/pages\/168\/revisions\/1074"}],"wp:attachment":[{"href":"http:\/\/databazefirem.eu\/index.php\/wp-json\/wp\/v2\/media?parent=168"}],"curies":[{"name":"wp","href":"https:\/\/api.w.org\/{rel}","templated":true}]}}