{"id":187,"date":"2013-12-09T22:29:12","date_gmt":"2013-12-09T22:29:12","guid":{"rendered":"http:\/\/databazefirem.eu\/?page_id=187"},"modified":"2018-08-27T19:29:08","modified_gmt":"2018-08-27T19:29:08","slug":"telefony-bytove-stanice","status":"publish","type":"page","link":"http:\/\/databazefirem.eu\/index.php\/telefony-bytove-stanice\/","title":{"rendered":"Telefony &#8211; bytov\u00e9 stanice"},"content":{"rendered":"<div style=\"margin-top: 120px;\">\n<div style=\"text-align: left;\" align=\"center\">\n<h1><span style=\"font-size: large; color: #4b6b00;\"><strong>Telefonn\u00ed seznam osob \u010cR<\/strong><\/span><\/h1>\n<p><strong><span style=\"color: #000000;\">Datab\u00e1ze Telefony soukrom\u00fdch osob &#8211; bytov\u00e9 stanice, telefonn\u00ed seznam <\/span> &#8211; <strong>Tato datab\u00e1ze u\u017e nen\u00ed v prodeji<\/strong><\/strong><\/p>\n<\/div>\n<p><strong>K dispozici m\u00e1me i dal\u0161\u00ed specializovan\u00e9 datab\u00e1ze. Jejich popis a ceny zobraz\u00edte kliknut\u00edm na objedn\u00e1vku v\u00fd\u0161e.<\/strong><\/p>\n<p>Datab\u00e1ze &#8211; n\u00e1vrhy interi\u00e9r\u016f<br \/>\nDatab\u00e1ze Autoservisy a pneuservisy<br \/>\nDatab\u00e1ze Develope\u0159i \u010cR<br \/>\nDatab\u00e1ze dopravn\u00edch firem<br \/>\nDatab\u00e1ze elektroinstala\u010dn\u00edch firem<br \/>\nDatab\u00e1ze elektroprojektant\u016f<br \/>\nDatab\u00e1ze instalat\u00e9r\u016f a topen\u00e1\u0159\u016f<br \/>\nDatab\u00e1ze mate\u0159sk\u00fdch \u0161kol<br \/>\nDatab\u00e1ze Penziony v \u010cR<br \/>\nDatab\u00e1ze podlah\u00e1\u0159\u016f a obklada\u010d\u016f<br \/>\nDatab\u00e1ze praktick\u00fdch l\u00e9ka\u0159\u016f<br \/>\nDatab\u00e1ze Prodejci stavebnin<br \/>\nDatab\u00e1ze Prodejci v\u00fdpo\u010detn\u00ed techniky<br \/>\nDatab\u00e1ze prodejc\u016f chovatelsk\u00fdch pot\u0159eb<br \/>\nDatab\u00e1ze Restaurace a vin\u00e1rny \u010cR<br \/>\nDatab\u00e1ze stavebn\u00edch firem<br \/>\nDatab\u00e1ze st\u0159edn\u00edch \u0161kol<br \/>\nDatab\u00e1ze truhl\u00e1\u0159\u016f a stola\u0159\u016f<br \/>\nDatab\u00e1ze \u00fa\u010detn\u00edch firem a da\u0148ov\u00fdch poradc\u016f<br \/>\nDatab\u00e1ze Vina\u0159stv\u00ed v \u010cR<br \/>\nDatab\u00e1ze V\u00fdrobci oken a dve\u0159\u00ed<br \/>\nDatab\u00e1ze z\u00e1kladn\u00edch \u0161kol<br \/>\nDatab\u00e1ze z\u00e1me\u010dn\u00edk\u016f<br \/>\nDatab\u00e1ze zem\u011bd\u011blsk\u00fdch firem<\/p>\n<p>[rps]<\/p>\n<table>\n<tr>\n<td>\n<p><script src=\"http:\/\/c1.navrcholu.cz\/code?site=140841;t=o88\" type=\"text\/javascript\"><\/script><noscript><\/p>\n<div><a href=\"http:\/\/navrcholu.cz\/\"><img loading=\"lazy\" src=\"http:\/\/c1.navrcholu.cz\/hit?site=140841;t=o88;ref=;jss=0\" width=\"88\" height=\"31\" alt=\"NAVRCHOLU.cz\" style=\"border:none\" \/><\/a><\/div>\n<p><\/noscript>\n<\/div>\n<td>\n<p><a href=\"http:\/\/www.toplist.cz\/stat\/1698953\"><script language=\"JavaScript\" type=\"text\/javascript\">\n<!--\ndocument.write('<img loading=\"lazy\" src=\"https:\/\/toplist.cz\/count.asp?id=1698953&http='+escape(document.referrer)+'&t='+escape(document.title)+\n'&wi='+escape(window.screen.width)+'&he='+escape(window.screen.height)+'&cd='+escape(window.screen.colorDepth)+'\" width=\"88\" height=\"31\" border=0 alt=\"TOPlist\" \/>');\n\/\/--><\/script><noscript><img loading=\"lazy\" src=\"https:\/\/toplist.cz\/count.asp?id=1698953\" border=\"0\"\nalt=\"TOPlist\" width=\"88\" height=\"31\" \/><\/noscript><\/a> <\/p>\n<\/td>\n<td>\n<a href=\"http:\/\/www.pagerank.cz\/optimalizace.php?kod=telefony-bytove-stanice\"><br \/>\n\tOptimalizace webu Telefony bytov\u00e9 stanice &#8211; PageRank.cz<br \/>\n\t<\/a><\/p>\n<\/td>\n<\/tr>\n<\/table>\n","protected":false},"excerpt":{"rendered":"<p>Telefonn\u00ed seznam osob \u010cR Datab\u00e1ze Telefony soukrom\u00fdch osob &#8211; bytov\u00e9 stanice, telefonn\u00ed seznam &#8211; Tato datab\u00e1ze u\u017e nen\u00ed v prodeji K dispozici m\u00e1me i dal\u0161\u00ed specializovan\u00e9 datab\u00e1ze. Jejich popis a ceny zobraz\u00edte kliknut\u00edm na objedn\u00e1vku v\u00fd\u0161e. Datab\u00e1ze &#8211; n\u00e1vrhy interi\u00e9r\u016f Datab\u00e1ze Autoservisy a pneuservisy Datab\u00e1ze Develope\u0159i \u010cR Datab\u00e1ze dopravn\u00edch firem Datab\u00e1ze elektroinstala\u010dn\u00edch firem Datab\u00e1ze elektroprojektant\u016f [&hellip;]<\/p>\n","protected":false},"author":1,"featured_media":0,"parent":0,"menu_order":0,"comment_status":"closed","ping_status":"closed","template":"","meta":[],"aioseo_notices":[],"_links":{"self":[{"href":"http:\/\/databazefirem.eu\/index.php\/wp-json\/wp\/v2\/pages\/187"}],"collection":[{"href":"http:\/\/databazefirem.eu\/index.php\/wp-json\/wp\/v2\/pages"}],"about":[{"href":"http:\/\/databazefirem.eu\/index.php\/wp-json\/wp\/v2\/types\/page"}],"author":[{"embeddable":true,"href":"http:\/\/databazefirem.eu\/index.php\/wp-json\/wp\/v2\/users\/1"}],"replies":[{"embeddable":true,"href":"http:\/\/databazefirem.eu\/index.php\/wp-json\/wp\/v2\/comments?post=187"}],"version-history":[{"count":20,"href":"http:\/\/databazefirem.eu\/index.php\/wp-json\/wp\/v2\/pages\/187\/revisions"}],"predecessor-version":[{"id":975,"href":"http:\/\/databazefirem.eu\/index.php\/wp-json\/wp\/v2\/pages\/187\/revisions\/975"}],"wp:attachment":[{"href":"http:\/\/databazefirem.eu\/index.php\/wp-json\/wp\/v2\/media?parent=187"}],"curies":[{"name":"wp","href":"https:\/\/api.w.org\/{rel}","templated":true}]}}