{"id":54,"date":"2013-12-03T19:55:15","date_gmt":"2013-12-03T19:55:15","guid":{"rendered":"http:\/\/databazefirem.eu\/?page_id=54"},"modified":"2024-05-22T10:45:21","modified_gmt":"2024-05-22T10:45:21","slug":"cenik-a-objednavka","status":"publish","type":"page","link":"http:\/\/databazefirem.eu\/index.php\/cenik-a-objednavka\/","title":{"rendered":"cen\u00edk a objedn\u00e1vka"},"content":{"rendered":"<div style=\"margin-top: 120px;\">\n<h1>Datab\u00e1ze firem<\/h1>\n<p>Objedn\u00e1vejte zde:\u00a0<a href=\"https:\/\/www.aaainfo.net\/databaze.firem\/files\/objednavka_cr.doc\">CEN\u00cdK a OBJEDN\u00c1VKOV\u00dd FORMUL\u00c1\u0158<\/a><\/p>\n<p><strong>Jak datab\u00e1zi firem objednat ?<\/strong><\/p>\n<p>Potvrzenou objedn\u00e1vku m\u016f\u017eete zaslat e-mailem (\u00a0<a href=\"mailto:info@aaainfo.net\">info@aaainfo.net<\/a>\u00a0), po\u0161tou nebo faxem. Objedn\u00e1vkov\u00fd formul\u00e1\u0159 si pros\u00edm st\u00e1hn\u011bte (viz v\u00fd\u0161e). Datab\u00e1zi firem \u010cR (SR) V\u00e1m dod\u00e1me po \u00fahrad\u011b proforma faktury. P\u0159\u00edstupov\u00e9 k\u00f3dy do on-line datab\u00e1ze obdr\u017e\u00edte nejpozd\u011bji druh\u00fd den po objedn\u00e1vce (\u00fahrad\u011b).<\/p>\n<p><strong>M\u011bs\u00ed\u010dn\u011b v pr\u016fm\u011bru zachyt\u00edme 500 000 zm\u011bn<\/strong>\u00a0v \u00fadaj\u00edch firem, vznikne 30 000 nov\u00fdch firem a 30 000 zanikl\u00fdch firem je vymaz\u00e1no.<\/p>\n<p>Nepodce\u0148ujte \u017eivnostn\u00edky! 54 000 \u017eivnostn\u00edk\u016f m\u00e1 obrat vy\u0161\u0161\u00ed ne\u017e 3 mil. K\u010d a 12 500 vy\u0161\u0161\u00ed ne\u017e 10 mil K\u010d. Pro srovn\u00e1n\u00ed, akciov\u00e9 spole\u010dnosti a spole\u010dnosti s ru\u010den\u00edm omezen\u00fdm, u 82 tis. firem obrat nad 3 mil. a 50 tis. firem nad 10 mil.<\/p>\n<p><strong>Datab\u00e1ze Albertina Gold Edition<\/strong>\u00a0(nav\u00edc\u00a0<span style=\"color: #0000ff;\"><strong>informace z \u00fa\u010detn\u00edch z\u00e1v\u011brek, platebn\u00ed informace, kreditn\u00ed sc\u00f3ring, firmy &#8211; vlastn\u00edci nemovitost\u00ed, podrobnosti o dluz\u00edch<\/strong><\/span>)<a href=\"https:\/\/www.databazefirem.eu\/img\/CFM-navic.pdf\" target=\"_blank\" rel=\"noopener\">\u00a0Podrobn\u011bj\u0161\u00ed info v pdf zde<\/a>.<\/p>\n<p>V\u0161echny uveden\u00e9 ceny plat\u00ed pro lok\u00e1ln\u00ed instalaci.<\/p>\n<p><script src=\"http:\/\/c1.navrcholu.cz\/code?site=140841;t=o88\" type=\"text\/javascript\"><\/script><noscript><\/noscript><\/p>\n<div><a href=\"http:\/\/navrcholu.cz\/\"><img loading=\"lazy\" style=\"border: none;\" src=\"http:\/\/c1.navrcholu.cz\/hit?site=140841;t=o88;ref=;jss=0\" alt=\"NAVRCHOLU.cz\" width=\"88\" height=\"31\" \/><\/a><\/div>\n<\/div>\n","protected":false},"excerpt":{"rendered":"<p>Datab\u00e1ze firem Objedn\u00e1vejte zde:\u00a0CEN\u00cdK a OBJEDN\u00c1VKOV\u00dd FORMUL\u00c1\u0158 Jak datab\u00e1zi firem objednat ? Potvrzenou objedn\u00e1vku m\u016f\u017eete zaslat e-mailem (\u00a0info@aaainfo.net\u00a0), po\u0161tou nebo faxem. Objedn\u00e1vkov\u00fd formul\u00e1\u0159 si pros\u00edm st\u00e1hn\u011bte (viz v\u00fd\u0161e). Datab\u00e1zi firem \u010cR (SR) V\u00e1m dod\u00e1me po \u00fahrad\u011b proforma faktury. P\u0159\u00edstupov\u00e9 k\u00f3dy do on-line datab\u00e1ze obdr\u017e\u00edte nejpozd\u011bji druh\u00fd den po objedn\u00e1vce (\u00fahrad\u011b). M\u011bs\u00ed\u010dn\u011b v pr\u016fm\u011bru zachyt\u00edme 500 [&hellip;]<\/p>\n","protected":false},"author":1,"featured_media":0,"parent":0,"menu_order":0,"comment_status":"closed","ping_status":"closed","template":"","meta":[],"aioseo_notices":[],"_links":{"self":[{"href":"http:\/\/databazefirem.eu\/index.php\/wp-json\/wp\/v2\/pages\/54"}],"collection":[{"href":"http:\/\/databazefirem.eu\/index.php\/wp-json\/wp\/v2\/pages"}],"about":[{"href":"http:\/\/databazefirem.eu\/index.php\/wp-json\/wp\/v2\/types\/page"}],"author":[{"embeddable":true,"href":"http:\/\/databazefirem.eu\/index.php\/wp-json\/wp\/v2\/users\/1"}],"replies":[{"embeddable":true,"href":"http:\/\/databazefirem.eu\/index.php\/wp-json\/wp\/v2\/comments?post=54"}],"version-history":[{"count":20,"href":"http:\/\/databazefirem.eu\/index.php\/wp-json\/wp\/v2\/pages\/54\/revisions"}],"predecessor-version":[{"id":1076,"href":"http:\/\/databazefirem.eu\/index.php\/wp-json\/wp\/v2\/pages\/54\/revisions\/1076"}],"wp:attachment":[{"href":"http:\/\/databazefirem.eu\/index.php\/wp-json\/wp\/v2\/media?parent=54"}],"curies":[{"name":"wp","href":"https:\/\/api.w.org\/{rel}","templated":true}]}}