{"id":57,"date":"2013-12-03T19:56:26","date_gmt":"2013-12-03T19:56:26","guid":{"rendered":"http:\/\/databazefirem.eu\/?page_id=57"},"modified":"2013-12-13T21:20:44","modified_gmt":"2013-12-13T21:20:44","slug":"kontaktni-udaje","status":"publish","type":"page","link":"http:\/\/databazefirem.eu\/index.php\/kontaktni-udaje\/","title":{"rendered":"kontakt"},"content":{"rendered":"<div style=\"margin-top: 120px;\">\n<table style=\"width: 750px;\" border=\"0\">\n<tbody>\n<tr>\n<td style=\"width: 300px;\">Adresa:<\/td>\n<td style=\"width: 150px;\" rowspan=\"13\"><\/td>\n<td rowspan=\"13\">[contact-form-7 id=&#8221;4&#8243; title=&#8221;Kontaktn\u00ed formul\u00e1\u0159 \u00a01&#8243;]<\/td>\n<\/tr>\n<tr>\n<td><strong>NOVATEC marketing s.r.o<\/strong><\/td>\n<\/tr>\n<tr>\n<td><strong>Absolonova 22<\/strong><\/td>\n<\/tr>\n<tr>\n<td><strong>624 00 Brno<\/strong><\/td>\n<\/tr>\n<tr>\n<td><\/td>\n<\/tr>\n<tr>\n<td>Kontaktn\u00ed \u00fadaje:<\/td>\n<\/tr>\n<tr>\n<td>Telefon.:\u00a0<strong>603 410 777<\/strong><\/td>\n<\/tr>\n<tr>\n<td>Fax:\u00a0<strong>530 502 072<\/strong><\/td>\n<\/tr>\n<tr>\n<td><\/td>\n<\/tr>\n<tr>\n<td>Email:\u00a0<strong>info@aaainfo.net<\/strong><\/td>\n<\/tr>\n<tr>\n<td><\/td>\n<\/tr>\n<tr>\n<td>I\u010cO : 60712813<\/td>\n<\/tr>\n<tr>\n<td>DI\u010c : CZ60712813<\/td>\n<\/tr>\n<\/tbody>\n<\/table>\n<p><script src=\"http:\/\/c1.navrcholu.cz\/code?site=140841;t=o88\" type=\"text\/javascript\"><\/script><noscript><\/p>\n<div><a href=\"http:\/\/navrcholu.cz\/\"><img loading=\"lazy\" src=\"http:\/\/c1.navrcholu.cz\/hit?site=140841;t=o88;ref=;jss=0\" width=\"88\" height=\"31\" alt=\"NAVRCHOLU.cz\" style=\"border:none\" \/><\/a><\/div>\n<p><\/noscript><\/p>\n<\/div>\n","protected":false},"excerpt":{"rendered":"<p>Adresa: [contact-form-7 id=&#8221;4&#8243; title=&#8221;Kontaktn\u00ed formul\u00e1\u0159 \u00a01&#8243;] NOVATEC marketing s.r.o Absolonova 22 624 00 Brno Kontaktn\u00ed \u00fadaje: Telefon.:\u00a0603 410 777 Fax:\u00a0530 502 072 Email:\u00a0info@aaainfo.net I\u010cO : 60712813 DI\u010c : CZ60712813<\/p>\n","protected":false},"author":1,"featured_media":0,"parent":0,"menu_order":0,"comment_status":"closed","ping_status":"closed","template":"","meta":[],"aioseo_notices":[],"_links":{"self":[{"href":"http:\/\/databazefirem.eu\/index.php\/wp-json\/wp\/v2\/pages\/57"}],"collection":[{"href":"http:\/\/databazefirem.eu\/index.php\/wp-json\/wp\/v2\/pages"}],"about":[{"href":"http:\/\/databazefirem.eu\/index.php\/wp-json\/wp\/v2\/types\/page"}],"author":[{"embeddable":true,"href":"http:\/\/databazefirem.eu\/index.php\/wp-json\/wp\/v2\/users\/1"}],"replies":[{"embeddable":true,"href":"http:\/\/databazefirem.eu\/index.php\/wp-json\/wp\/v2\/comments?post=57"}],"version-history":[{"count":7,"href":"http:\/\/databazefirem.eu\/index.php\/wp-json\/wp\/v2\/pages\/57\/revisions"}],"predecessor-version":[{"id":66,"href":"http:\/\/databazefirem.eu\/index.php\/wp-json\/wp\/v2\/pages\/57\/revisions\/66"}],"wp:attachment":[{"href":"http:\/\/databazefirem.eu\/index.php\/wp-json\/wp\/v2\/media?parent=57"}],"curies":[{"name":"wp","href":"https:\/\/api.w.org\/{rel}","templated":true}]}}