{"id":87,"date":"2013-12-09T20:16:18","date_gmt":"2013-12-09T20:16:18","guid":{"rendered":"http:\/\/databazefirem.eu\/?page_id=87"},"modified":"2021-02-10T15:44:27","modified_gmt":"2021-02-10T15:44:27","slug":"databaze-ceskych-firem-a-zivnostniku","status":"publish","type":"page","link":"http:\/\/databazefirem.eu\/index.php\/databaze-ceskych-firem-a-zivnostniku\/","title":{"rendered":"Datab\u00e1ze firem a \u017eivnostn\u00edk\u016f"},"content":{"rendered":"<div style=\"margin-top: 120px;\">\n<h1>Datab\u00e1ze firem a \u017eivnostn\u00edk\u016f<\/h1>\n<p><span style=\"font-size: medium; color: #3b7401;\"><strong><a href=\"http:\/\/www.aaainfo.net\/databaze.firem\/files\/objednavka_cr.doc\"><span style=\"color: #3b7401;\"><\/p>\n<h2>Cen\u00edk a objedn\u00e1vkov\u00fd formul\u00e1\u0159 datab\u00e1ze firem<\/h2>\n<p><\/a><\/strong><\/span><\/p>\n<p>(Aktualizace datab\u00e1ze firem 10.2.2021)<\/p>\n<p>Ovl\u00e1dac\u00ed program datab\u00e1ze kter\u00fd si nainstalujete na V\u00e1\u0161 po\u010d\u00edta\u010d V\u00e1m umo\u017en\u00ed on-line p\u0159\u00edstup k dat\u016fm na na\u0161em serveru. Ovl\u00e1d\u00e1n\u00ed je k nerozezn\u00e1n\u00ed s p\u0159edchoz\u00edmi off-line verzemi, kdy se datab\u00e1ze prod\u00e1vala na DVD. <\/p>\n<ul>\n<li><strong>datab\u00e1ze obsahuje 2 939 000 firem<\/strong>\u00a0registrovan\u00fdch v \u010cesk\u00e9 republice<br \/>\n(obsahuje v\u0161echny subjekty, kter\u00e9 maj\u00ed p\u0159id\u011bleno I\u010c)<\/li>\n<li>1 800 000 firem m\u00e1 uveden ro\u010dn\u00ed obrat (obraty firem z\u00edsk\u00e1v\u00e1me od finan\u010dn\u00edch \u00fa\u0159ad\u016f, resp. od \u010cesk\u00e9ho Statistick\u00e9ho \u00da\u0159adu)\n<li>1 170 000 firem m\u00e1 uveden po\u010det zam\u011bstnanc\u016f<\/li>\n<li>442 000 firem s e-mailovou adresou<\/li>\n<li>654 000 firem s telefonem<\/li>\n<li>310 300 firem s www str\u00e1nkou<\/li>\n<li>V\u00edce ne\u017e 512 000 firem s minim\u00e1ln\u011b jednou dal\u0161\u00ed pobo\u010dkou (provozovnou)<\/li>\n<li>V\u00edce ne\u017e 580 000 firem s pozastavenou \u010dinnost\u00ed<\/li>\n<li>Software umo\u017e\u0148uje 30 druh\u016f export\u016f ve form\u00e1tech Excel, TXT, DBF, PDF, XML, CSV, MDB, WAB<\/li>\n<\/ul>\n<p>M\u011bs\u00ed\u010dn\u011b zachyt\u00edme v pr\u016fm\u011bru 500 000 zm\u011bn v z\u00e1kladn\u00edch \u00fadaj\u00edch firem, ka\u017ed\u00fd m\u011bs\u00edc vznik\u00e1 cca 15 tis\u00edc nov\u00fdch firem a cca 5 tis\u00edc firem zanik\u00e1.<\/p>\n<p><a href=\"http:\/\/databazefirem.eu\/wp-content\/uploads\/2013\/12\/slecna.gif\"><img loading=\"lazy\" class=\"alignleft size-full wp-image-348\" title=\"slecna\" src=\"http:\/\/databazefirem.eu\/wp-content\/uploads\/2013\/12\/slecna.gif\" alt=\"\" width=\"122\" height=\"263\" \/><\/a><\/p>\n<p><span style=\"color: #000000;\">V\u00fdb\u011brem firem podle 90 krit\u00e9ri\u00ed (a jejich vz\u00e1jemn\u00fdch kombinac\u00ed) si jednodu\u0161e vytvo\u0159\u00edte datab\u00e1zi po\u017eadovan\u00e9ho souboru firem, nap\u0159\u00edklad:<\/span><\/p>\n<ul>\n<li><span style=\"color: #000000;\">26 600 akciov\u00fdch spole\u010dnost\u00ed<\/span><\/li>\n<li><span style=\"color: #000000;\">480 000 spole\u010dnost\u00ed s ru\u010den\u00edm omezen\u00fdm<\/span><\/li>\n<li><span style=\"color: #000000;\">210 000 v\u00fdrobn\u00edch firem<\/span><\/li>\n<li><span style=\"color: #000000;\">54 000 firem se zahrani\u010dn\u00edm vlastnictv\u00edm<\/span><\/li>\n<li><span style=\"color: #000000;\">316 000 firem ve stavebnictv\u00ed<\/span><\/li>\n<li><span style=\"color: #000000;\">590 000 obchodn\u00edch firem<\/span><\/li>\n<\/ul>\n<\/ul>\n<ul>\n<li><span style=\"color: #000000;\">9 100 export\u00e9r\u016f<\/span><\/li>\n<li><span style=\"color: #000000;\">8 300 import\u00e9r\u016f<\/span><\/li>\n<\/ul>\n<ul>\n<li><span style=\"color: #000000;\">571 000 firem v Praze<\/span><\/li>\n<li><span style=\"color: #000000;\">43 000 firem v Praze s ro\u010dn\u00edm obratem nad 5 mil.<\/span><\/li>\n<li><span style=\"color: #000000;\">3 000 firem s certifik\u00e1tem kvality<\/span><\/li>\n<li><span style=\"color: #000000;\">1,8 mil. \u017eivnostn\u00edk\u016f s pln\u00fdm z\u00e1pisem ze \u017eivnostensk\u00e9ho rejst\u0159\u00edku<\/span><\/li>\n<li><span style=\"color: #000000;\">492 000 firem s pozastavenou \u010dinnost\u00ed, 37 000 firem v likvidaci, 18 000 firem v konkurzu<\/span><\/li>\n<li><span style=\"color: #000000;\">&#8230; v\u00fdb\u011br z\u00e1jmov\u00e9ho souboru firem je na V\u00e1s!<\/span><\/li>\n<\/ul>\n<p>Libovolnou datab\u00e1zi (v\u00fdb\u011br) firem si vytvo\u0159\u00edte podle\u00a0<a href=\"http:\/\/www.aaainfo.net\/databaze.firem\/files\/vyhledavaci-kriteria.xls\" target=\"blank\">\u00a0&#8220;v\u00fdb\u011brov\u00fdch krit\u00e9ri\u00ed&#8221;<\/a>\u00a0a jejich kombinac\u00ed. Nap\u0159. podle seznamu odv\u011btv\u00ed\u00a0<a href=\"http:\/\/www.aaainfo.net\/databaze.firem\/files\/NACE.txt\">NACE<\/a>\u00a0(k\u00f3dy NACE nahradily ji\u017e neplatn\u00e9 k\u00f3dy\u00a0<a href=\"http:\/\/www.aaainfo.net\/databaze.firem\/okec.htm\" target=\"blank\">OKE\u010c<\/a>). Zvolen\u00e9 soubory firem m\u016f\u017eete exportovat v Excelu, textov\u00e9m form\u00e1tu, DBF<a href=\"http:\/\/www.aaainfo.net\/databaze.firem\/formaty.html\">\u00a0a dal\u0161\u00edch<\/a>. Ovl\u00e1dac\u00ed program datab\u00e1ze V\u00e1m umo\u017en\u00ed i tisk adresn\u00fdch \u0161t\u00edtk\u016f.<\/p>\n<p>A\u017e 5 GB dat najdete v datab\u00e1zi \u010desk\u00fdch firem na DVD Albertina. Datab\u00e1ze firem vych\u00e1z\u00ed pravideln\u011b ji\u017e 30 let a v sou\u010dasn\u00e9 dob\u011b je ka\u017ed\u00fd m\u011bs\u00edc aktualizov\u00e1na.<\/p>\n<p>Pokud jsou pro V\u00e1s d\u016fle\u017eit\u00e9\u00a0<strong>informace z \u00fa\u010detn\u00edch z\u00e1v\u011brek, platebn\u00ed informace, kreditn\u00ed sc\u00f3ring, firm\u00e1ch &#8211; vlastn\u00edc\u00edch nemovitosti, podrobnosti o dluz\u00edch\u00a0<\/strong>zvolte datab\u00e1zi firem Albertina Gold Edition.\u00a0<a href=\"http:\/\/www.aaainfo.net\/databaze.firem\/files\/cfm-navic.doc\">Podrobn\u011bj\u0161\u00ed info zde<\/a>.<\/p>\n<p>&nbsp;<\/p>\n<p><a id=\"SR\" name=\"SR\"><\/a>Stejn\u00fd produkt &#8211;\u00a0<strong>Datab\u00e1ze Albertina slovensk\u00fdch firem<\/strong>\u00a0&#8211; vych\u00e1z\u00ed i pro Slovenskou republiku.<br \/>\n<a href=\"http:\/\/www.aaainfo.net\/images\/zaklvyberSR.GIF\" target=\"blank\">(<strong>Z\u00e1kladn\u00ed vyhled\u00e1vac\u00ed rozhran\u00ed pro datab\u00e1zi slovensk\u00fdch firem &#8211; klik<\/strong>)\u00a0<\/a><\/p>\n<p><strong>Datab\u00e1ze slovensk\u00fdch firem<\/strong>\u00a0obsahuje v nejnov\u011bj\u0161\u00edm vyd\u00e1n\u00ed informace o v\u00edce jak 807 000 subjektech a nap\u0159. 393 000 firem s po\u010dtem zam\u011bstnanc\u016f, 407 000 s obratem, 115 000 firem s e-mailov\u00fdm kontaktem a 210 000 s telefonem.<\/p>\n<p>Re\u0161er\u0161e z datab\u00e1ze firem<br \/>\nPodle Va\u0161\u00ed specifikace V\u00e1m m\u016f\u017eeme z datab\u00e1ze firem prov\u00e9st po\u017eadovan\u00fd v\u00fdb\u011br dat (nap\u0159. adresy, e-maily, apod.) ve form\u00e1tu Excel, TXT nebo DBF.<\/p>\n<p><script type='text\/javascript' charset='utf-8' src='http:\/\/t.pridat.eu\/t.js'><\/script><a href=\"http:\/\/pridat.eu\/zalozku\/\" target=\"_blank\" title=\"Zalo\u017eit a sd\u00edlet pomoc\u00ed Pridat.eu\" class=\"pe\" onclick=\"window.open('http:\/\/pridat.eu\/zalozku\/?u='+encodeURIComponent(location.href)+'&amp;t='+encodeURIComponent(document.title)+'&amp;l=cz', 'pridat', 'scrollbars=yes,menubar=no,width=628,height=520,resizable=yes,toolbar=yes,location=no,status=no,screenX=200,screenY=100,left=200,top=100'); return false;\"><span><img loading=\"lazy\" src=\"http:\/\/i.pridat.eu\/pridateu.gif\" alt=\"Pridat.eu\" width=\"125\" height=\"16\" border=\"0\"><\/span><\/a><\/p>\n<p>[modal id=&#8221;96&#8243;]<span style=\"color: #3b7401;\"><strong><br \/>\nNOVINKY v posledn\u00edch vyd\u00e1n\u00edch datab\u00e1ze firem <\/strong><\/span>[\/modal]<span><\/p>\n<p><strong>Statistick\u00e9 obraty firem<\/strong> &#8211; Albertina CZ od vyd\u00e1n\u00ed 1\/2015 obsahuje dopln\u011bn\u00e9 obraty dle \u010cesk\u00e9ho statistick\u00e9ho \u00fa\u0159adu za obdob\u00ed 2013. Bylo by samoz\u0159ejm\u011b pot\u011b\u0161iteln\u00e9, kdyby \u010cS\u00da urychlil zve\u0159ej\u0148ov\u00e1n\u00ed tohoto d\u016fle\u017eit\u00e9ho ekonomick\u00e9ho \u00fadaje a marketingov\u00e9ho n\u00e1stroje, ale zat\u00edm to sp\u00ed\u0161 vypad\u00e1, \u017ee obraty za rok 2014 se dozv\u00edme op\u011bt a\u017e v lednu 2016. Nebo n\u00e1s letos \u010cS\u00da p\u0159\u00edjemn\u011b p\u0159ekvap\u00ed? Zde je na\u0161e ji\u017e tradi\u010dn\u00ed srovn\u00e1n\u00ed.<\/p>\n<p>Dal\u0161\u00ed v\u00fdb\u011brov\u00e9 krit\u00e9rium &#8211; <strong>Skupiny a \u010dlenstv\u00ed<\/strong>. Zde je mo\u017en\u00e9 &#8220;jedn\u00edm kliknut\u00edm&#8221; vybrat firmy, kter\u00e9 jsou spole\u010dn\u011b organizov\u00e1ny v r\u016fzn\u00fdch sdru\u017een\u00edch, asociac\u00edch, komor\u00e1ch; jsou za\u0159azeny na n\u011bkter\u00fdch port\u00e1lech do stejn\u00fdch sekc\u00ed podle oboru podnik\u00e1n\u00ed; nebo vykazuj\u00ed jin\u00e9 spole\u010dn\u00e9 vlastnosti (nap\u0159\u00edklad jsou registrov\u00e1ny pro specifick\u00fd typ spot\u0159ebn\u00ed dan\u011b, z\u00edskaly certifikaci dynamick\u00e9 nebo solventn\u00ed firmy apod.). K\u00f3dy jsou organizov\u00e1ny hierarchicky a umo\u017e\u0148uj\u00ed jednodu\u0161e vyb\u00edrat \u0161ir\u0161\u00ed nebo u\u017e\u0161\u00ed skupinu. Nap\u0159\u00edklad m\u016f\u017eete v menu za\u0161krtnout k\u00f3d 200101 a vybrat pl\u00e1tce spot\u0159ebn\u00ed dan\u011b z lihu, nebo zvolit k\u00f3d 2001 a vybrat v\u0161echny pl\u00e1tce spot\u0159ebn\u00ed dan\u011b.<\/span><\/p>\n<p>V P\u0159edv\u00fdb\u011brech m\u016f\u017eete op\u011bt identifikovat <strong>export\u00e9ry (9430 firem) a import\u00e9ry (8640 firem).<\/strong><\/p>\n<p>NACE je klasifikace hierarchick\u00e1 umo\u017e\u0148uj\u00edc\u00ed vyb\u00edrat podle \u010dty\u0159 \u00farovn\u00ed. \u00darovn\u00ed je vlastn\u011b p\u011bt, p\u0159i\u010dem\u017e ta nejvy\u0161\u0161\u00ed sekce nebyla dosud v datab\u00e1zi firem Albertina k dispozici. V nov\u00e9m vyd\u00e1n\u00ed m\u016f\u017eete tedy vyu\u017e\u00edvat i tzv. sekci, kter\u00e1 rozd\u011bluje obory \u010dinnosti do 21 okruh\u016f. Tuto mo\u017enost ocen\u00edte zejm\u00e9na tehdy, <strong>chcete-li rychle a jednodu\u0161e z\u00fa\u017eit vyhled\u00e1v\u00e1n\u00ed na cel\u00e9 odv\u011btv\u00ed<\/strong>, nap\u0159\u00edklad stavebnictv\u00ed najdete pod p\u00edsmenem &#8220;F&#8221; (&#8220;F&#8221; odpov\u00edd\u00e1 odd\u00edl\u016fm NACE 41, 42 a 43).<\/p>\n<p><span style=\"color: #000000;\"><strong>P\u0159esn\u011bj\u0161\u00ed v\u00fdb\u011br firem podle jejich aktivit<\/strong><\/span> v\u00e1m umo\u017en\u00ed i Dopl\u0148kov\u00e1 informace, obsahuj\u00edc\u00ed nyn\u00ed <strong>textov\u00e9 specifikace p\u0159evzat\u00e9 ze dvou v\u00fdznamn\u00fdch port\u00e1l\u016f (Seznam.cz, Hyperinzerce.cz). <\/strong>V\u00edce ne\u017e 250.000 velk\u00fdch i mal\u00fdch firem m\u00e1 v t\u00e9to polo\u017ece uveden stru\u010dn\u00fd a v\u00fdsti\u017en\u00fd popis jejich hlavn\u00edch \u010dinnost\u00ed.<\/p>\n<p><span style=\"color: #000000;\"><strong>Datab\u00e1ze obsahuje nov\u00e9 tla\u010d\u00edtko -QR k\u00f3d<\/strong><\/span><br \/>\nPou\u017e\u00edv\u00e1 se zejm\u00e9na ve spojen\u00ed s mobiln\u00edm telefonem pro rychl\u00e9 na\u010dten\u00ed kontaktn\u00edch \u00fadaj\u016f zvolen\u00e9 firmy. Pokud m\u00e1te v mobilu instalovanou navigaci, tak m\u016f\u017eete adresu z QR k\u00f3du otev\u0159\u00edt p\u0159\u00edmo v navigaci jako c\u00edl cesty a m\u016f\u017eete hned vyjet za nov\u00fdm z\u00e1kazn\u00edkem.<\/p>\n<p><span style=\"color: #000000;\"><strong>Vyhled\u00e1v\u00e1n\u00ed firem podle GPS sou\u0159adnic<\/strong><\/span><br \/>\nZad\u00e1te nap\u0159. adresu svoj\u00ed firmy, zvol\u00edte okruh, nap\u0159. 1km a tento n\u00e1stroj V\u00e1m vyhled\u00e1 v\u0161echny firmy v zadan\u00e9m okruhu.<br \/>\n<strong><\/strong><\/p>\n<p><span style=\"color: #000000;\"><strong>Vyhledejte si ekonomicky spjat\u00e9 skupiny<\/strong><\/span><br \/>\nEkonomicky spjat\u00e9 skupiny osob je pojem pou\u017e\u00edvan\u00fd v EU pro definov\u00e1n\u00ed kapit\u00e1lov\u011b nebo jinak <strong>prov\u00e1zan\u00fdch pr\u00e1vnick\u00fdch a fyzick\u00fdch osob<\/strong>, p\u0159i\u010dem\u017e tato vz\u00e1jemn\u00e1 propojen\u00ed jsou takov\u00e9 povahy, \u017ee rizikovost jednoho subjektu m\u016f\u017ee ovlivnit rizikovost prov\u00e1zan\u00e9ho subjektu.<\/p>\n<table>\n<tr>\n<td>\n<p><a href=\"https:\/\/plus.google.com\/113266048879294723377\" rel=\"publisher\">Google+<\/a><\/p>\n<\/td>\n<td>\n<p><script src=\"http:\/\/c1.navrcholu.cz\/code?site=140841;t=o88\" type=\"text\/javascript\"><\/script><noscript><\/p>\n<div><a href=\"http:\/\/navrcholu.cz\/\"><img loading=\"lazy\" src=\"http:\/\/c1.navrcholu.cz\/hit?site=140841;t=o88;ref=;jss=0\" width=\"88\" height=\"31\" alt=\"NAVRCHOLU.cz\" style=\"border:none\" \/><\/a><\/div>\n<p><\/noscript><\/p>\n<\/td>\n<td>\n<p><a href=\"http:\/\/www.superlink.cz\/odkazy\/Sluzby-Remesla\" title=\"Slu\u017eby a \u0159emesla\"><img loading=\"lazy\" src=\"http:\/\/www.superlink.cz\/images\/minibar.gif\" alt=\"Datab\u00e1ze firem\" width=\"80\" height=\"15\" \/><\/a><\/p>\n<\/td>\n<td>\n<p><a href=\"http:\/\/www.czin.eu\/in\/1387474856.html\"><img loading=\"lazy\" src=\"http:\/\/i.czin.eu\/czinhit.gif\" alt=\"CZIN.eu\" width=\"14\" height=\"14\" border=\"0\" \/><\/a><\/p>\n<\/td>\n<td>\n<p><a href=\"http:\/\/www.toplist.cz\/stat\/1600458\"><script language=\"JavaScript\" type=\"text\/javascript\">\n<!--\ndocument.write('<img loading=\"lazy\" src=\"http:\/\/toplist.cz\/count.asp?id=1600458&logo=3&http='+escape(document.referrer)+'&t='+escape(document.title)+\n'&wi='+escape(window.screen.width)+'&he='+escape(window.screen.height)+'&cd='+escape(window.screen.colorDepth)+'\" width=\"88\" height=\"31\" border=0 alt=\"TOPlist\" \/>'); \n\/\/--><\/script><noscript><img loading=\"lazy\" src=\"http:\/\/toplist.cz\/count.asp?id=1600458&#038;logo=3\" border=\"0\"\nalt=\"TOPlist\" width=\"88\" height=\"31\" \/><\/noscript><\/a><\/p>\n<\/td>\n<td>\n<p><a href=\"http:\/\/www.pagerank.cz\/optimalizace.php?kod=databaze-firem-cr\"><br \/>\n<img src=\"http:\/\/www.pagerank.cz\/ikona\/pr_ikona.jpg\" alt=\"optimalizace PageRank.cz\"><br \/>\n<\/a><\/p>\n<\/td>\n<td>\n<p><a href=\"http:\/\/www.waudit.cz\/\"><script type=\"text\/javascript\">\n<!--\ndocument.write('<img loading=\"lazy\" src=\"http:\/\/h.waudit.cz\/h.php?id=25701&amp;ty=b_21&amp;js=1&amp;x='+screen.width+'&amp;y='+screen.height+'&amp;bit='+screen.colorDepth+'&amp;wx=0&amp;wy=0&amp;url='+escape(document.location)+'&amp;ref='+escape(top.document.referrer)+'\" width=\"88\" height=\"21\" border=\"0\" title=\"\" alt=\"\" \/>');\n\/\/ -->\n<\/script><\/a><br \/>\n<noscript><a href=\"http:\/\/www.waudit.cz\/\"><img loading=\"lazy\" src=\"http:\/\/h.waudit.cz\/h.php?id=25701&amp;ty=b_21\" width=\"88\" height=\"21\" border=\"0\" title=\"\" alt=\"\" \/><\/a><\/noscript><\/p>\n<\/td>\n<td>\n<p><!-- http:\/\/vsevjednom.cz - pocitadlo --><br \/>\n<script src=\"http:\/\/vsevjednom.cz\/poc_count.php?poc=24937&amp;typ=4&amp;lan=cs&amp;js=1\" type=\"text\/javascript\">\n<\/script><br \/>\n<noscript><\/p>\n<p>\n<a href=\"http:\/\/vsevjednom.cz\/\"><br \/>\n<img src=\"http:\/\/vsevjednom.cz\/pocitadlo_.php?poc=24937&amp;typ=4&amp;lan=cs&amp;js=0\" alt=\"Vsevjednom.cz\" style=\"border: 0px; height: 31px; width: 88px\"><br \/>\n<\/a>\n<\/p>\n<p><\/noscript><br \/>\n<!-- http:\/\/vsevjednom.cz - pocitadlo konec --><\/p>\n<\/td>\n<\/tr>\n<\/table>\n<\/div>\n","protected":false},"excerpt":{"rendered":"<p>Datab\u00e1ze firem a \u017eivnostn\u00edk\u016f Cen\u00edk a objedn\u00e1vkov\u00fd formul\u00e1\u0159 datab\u00e1ze firem (Aktualizace datab\u00e1ze firem 10.2.2021) Ovl\u00e1dac\u00ed program datab\u00e1ze kter\u00fd si nainstalujete na V\u00e1\u0161 po\u010d\u00edta\u010d V\u00e1m umo\u017en\u00ed on-line p\u0159\u00edstup k dat\u016fm na na\u0161em serveru. Ovl\u00e1d\u00e1n\u00ed je k nerozezn\u00e1n\u00ed s p\u0159edchoz\u00edmi off-line verzemi, kdy se datab\u00e1ze prod\u00e1vala na DVD. datab\u00e1ze obsahuje 2 939 000 firem\u00a0registrovan\u00fdch v \u010cesk\u00e9 republice [&hellip;]<\/p>\n","protected":false},"author":1,"featured_media":0,"parent":0,"menu_order":0,"comment_status":"closed","ping_status":"closed","template":"","meta":[],"aioseo_notices":[],"_links":{"self":[{"href":"http:\/\/databazefirem.eu\/index.php\/wp-json\/wp\/v2\/pages\/87"}],"collection":[{"href":"http:\/\/databazefirem.eu\/index.php\/wp-json\/wp\/v2\/pages"}],"about":[{"href":"http:\/\/databazefirem.eu\/index.php\/wp-json\/wp\/v2\/types\/page"}],"author":[{"embeddable":true,"href":"http:\/\/databazefirem.eu\/index.php\/wp-json\/wp\/v2\/users\/1"}],"replies":[{"embeddable":true,"href":"http:\/\/databazefirem.eu\/index.php\/wp-json\/wp\/v2\/comments?post=87"}],"version-history":[{"count":138,"href":"http:\/\/databazefirem.eu\/index.php\/wp-json\/wp\/v2\/pages\/87\/revisions"}],"predecessor-version":[{"id":1041,"href":"http:\/\/databazefirem.eu\/index.php\/wp-json\/wp\/v2\/pages\/87\/revisions\/1041"}],"wp:attachment":[{"href":"http:\/\/databazefirem.eu\/index.php\/wp-json\/wp\/v2\/media?parent=87"}],"curies":[{"name":"wp","href":"https:\/\/api.w.org\/{rel}","templated":true}]}}