{"id":5,"date":"2013-11-07T20:01:26","date_gmt":"2013-11-07T20:01:26","guid":{"rendered":"http:\/\/databazefirem.eu\/?page_id=5"},"modified":"2024-05-22T10:23:41","modified_gmt":"2024-05-22T10:23:41","slug":"uvod","status":"publish","type":"page","link":"https:\/\/databazefirem.eu\/","title":{"rendered":"\u00favod"},"content":{"rendered":"<div style=\"margin-top: 120px;\">Aktualizace str\u00e1nky: 10.02.2021<br \/>\n<a href=\"http:\/\/databazefirem.eu\/index.php\/databaze-ceskych-firem-a-zivnostniku\/\"><br \/>\n<\/a><\/p>\n<h1><a href=\"http:\/\/databazefirem.eu\/index.php\/databaze-ceskych-firem-a-zivnostniku\/\">Datab\u00e1ze v\u0161ech firem v \u010cesk\u00e9 a Slovensk\u00e9 republice<\/a><\/h1>\n<p><script><br \/>\n  (function(i,s,o,g,r,a,m){i['GoogleAnalyticsObject']=r;i[r]=i[r]||function(){<br \/>\n  (i[r].q=i[r].q||[]).push(arguments)},i[r].l=1*new Date();a=s.createElement(o),<br \/>\n  m=s.getElementsByTagName(o)[0];a.async=1;a.src=g;m.parentNode.insertBefore(a,m)<br \/>\n  })(window,document,'script','\/\/www.google-analytics.com\/analytics.js','ga');<\/p>\n<p>  ga('create', 'UA-70903250-1', 'auto');<br \/>\n  ga('send', 'pageview');<\/p>\n<p><\/script><br \/>\nDatab\u00e1ze firem obsahuje soubor informac\u00ed o 2 890 000 subjektech registrovan\u00fdch v \u010cR a v\u00edce ne\u017e 818 000 firm\u00e1ch v SR. V\u00fdb\u011br c\u00edlov\u00fdch skupin je mo\u017en\u00fd podle 80 krit\u00e9ri\u00ed, nap\u0159. region, obor podnik\u00e1n\u00ed, po\u010det zam\u011bstnanc\u016f, obrat, e-maily a dal\u0161\u00ed. V\u00fdkonn\u00fd ovl\u00e1dac\u00ed software, export dat do Excelu, tisky \u0161t\u00edtk\u016f.<a href=\"http:\/\/databazefirem.eu\/index.php\/manazeri-velkych-firem-obchodni-reditele\/\"><br \/>\n<\/a><\/p>\n<h1><a href=\"http:\/\/databazefirem.eu\/index.php\/databaze-obci-s-kontakty-na-starosty\/\">Datab\u00e1ze m\u011bst a obc\u00ed \u010cR<\/a><\/h1>\n<p><img loading=\"lazy\" class=\"alignright size-full wp-image-70\" title=\"db\" src=\"http:\/\/databazefirem.eu\/wp-content\/uploads\/2013\/11\/db.jpg\" alt=\"\" width=\"400\" height=\"300\" srcset=\"https:\/\/databazefirem.eu\/wp-content\/uploads\/2013\/11\/db.jpg 400w, https:\/\/databazefirem.eu\/wp-content\/uploads\/2013\/11\/db-300x225.jpg 300w\" sizes=\"(max-width: 400px) 100vw, 400px\" \/>Datab\u00e1ze m\u011bstsk\u00fdch a obecn\u00edch \u00fa\u0159ad\u016f s kontakty na starosty a po\u010dty obyvatel.<a href=\"http:\/\/databazefirem.eu\/index.php\/telefony-bytove-stanice\/\"><br \/>\n<\/a><\/p>\n<h1><a href=\"http:\/\/www.aaainfo.net\/monitoring.tisku\"><br \/>\nElektronick\u00fd monitoring tisku<\/a><\/h1>\n<p>Elektronick\u00fd monitoring ekonomick\u00fdch informac\u00ed z tisku<br \/>\n\u010cl\u00e1nky o Va\u0161\u00ed firm\u011b, o Va\u0161\u00ed konkurenci, o Va\u0161ich produktech. K dispozici je cca ze 400 sledovan\u00fdch zdroj\u016f.<\/p>\n<p>Monitoring zpravodajsk\u00fdch internetov\u00fdch server\u016f<br \/>\nMonitorujeme 600 informa\u010dn\u00edch server\u016f.<\/p>\n<p><strong>K dispozici m\u00e1me i dal\u0161\u00ed specializovan\u00e9 datab\u00e1ze. Jejich popis a ceny zobraz\u00edte kliknut\u00edm na objedn\u00e1vku zde:<\/strong><\/p>\n<p><a href=\"https:\/\/www.databaze-firem.net\/files\/objednavka%20soubordb.doc\"><img loading=\"lazy\" class=\"alignnone\" style=\"margin-left: -3px;\" src=\"http:\/\/databazefirem.eu\/img\/objednavka.png\" alt=\"\" width=\"202\" height=\"51\" \/><\/a><br \/>\nDatab\u00e1ze &#8211; n\u00e1vrhy interi\u00e9r\u016f<br \/>\nDatab\u00e1ze Autoservisy a pneuservisy<br \/>\nDatab\u00e1ze Develope\u0159i \u010cR<br \/>\nDatab\u00e1ze dopravn\u00edch firem<br \/>\nDatab\u00e1ze elektroinstala\u010dn\u00edch firem<br \/>\nDatab\u00e1ze elektroprojektant\u016f<br \/>\nDatab\u00e1ze instalat\u00e9r\u016f a topen\u00e1\u0159\u016f<br \/>\nDatab\u00e1ze mate\u0159sk\u00fdch \u0161kol<br \/>\nDatab\u00e1ze Penziony v \u010cR<br \/>\nDatab\u00e1ze podlah\u00e1\u0159\u016f a obklada\u010d\u016f<br \/>\nDatab\u00e1ze praktick\u00fdch l\u00e9ka\u0159\u016f<br \/>\nDatab\u00e1ze Prodejci stavebnin<br \/>\nDatab\u00e1ze Prodejci v\u00fdpo\u010detn\u00ed techniky<br \/>\nDatab\u00e1ze prodejc\u016f chovatelsk\u00fdch pot\u0159eb<br \/>\nDatab\u00e1ze Restaurace a vin\u00e1rny \u010cR<br \/>\nDatab\u00e1ze stavebn\u00edch firem<br \/>\nDatab\u00e1ze st\u0159edn\u00edch \u0161kol<br \/>\nDatab\u00e1ze truhl\u00e1\u0159\u016f a stola\u0159\u016f<br \/>\nDatab\u00e1ze \u00fa\u010detn\u00edch firem a da\u0148ov\u00fdch poradc\u016f<br \/>\nDatab\u00e1ze Vina\u0159stv\u00ed v \u010cR<br \/>\nDatab\u00e1ze V\u00fdrobci oken a dve\u0159\u00ed<br \/>\nDatab\u00e1ze z\u00e1kladn\u00edch \u0161kol<br \/>\nDatab\u00e1ze z\u00e1me\u010dn\u00edk\u016f<br \/>\nDatab\u00e1ze zem\u011bd\u011blsk\u00fdch firem<\/p>\n<p>[rps]<\/p>\n<table>\n<tbody>\n<tr>\n<td><script src=\"http:\/\/c1.navrcholu.cz\/code?site=140841;t=o88\" type=\"text\/javascript\"><\/script><noscript><\/p>\n<div><a href=\"http:\/\/navrcholu.cz\/\"><img loading=\"lazy\" src=\"http:\/\/c1.navrcholu.cz\/hit?site=140841;t=o88;ref=;jss=0\" width=\"88\" height=\"31\" alt=\"NAVRCHOLU.cz\" style=\"border:none\"><\/a><\/div>\n<p><\/noscript><\/td>\n<td><a title=\"TopList SuperLink.cz\" href=\"http:\/\/www.superlink.cz\/odkazy\/Sluzby-Remesla\"><img loading=\"lazy\" src=\"http:\/\/www.superlink.cz\/images\/minibar.gif\" alt=\"TopList\" width=\"80\" height=\"15\" \/><\/a><\/td>\n<td><a href=\"http:\/\/www.waudit.cz\/\"><script type=\"text\/javascript\"><br \/>\n<!--\ndocument.write('<img loading=\"lazy\" src=\"http:\/\/h.waudit.cz\/h.php?id=25890&amp;ty=b_31&amp;js=1&amp;x='+screen.width+'&amp;y='+screen.height+'&amp;bit='+screen.colorDepth+'&amp;wx=0&amp;wy=0&amp;url='+escape(document.location)+'&amp;ref='+escape(top.document.referrer)+'\" width=\"88\" height=\"31\" border=\"0\" title=\"\" alt=\"\" \/>');\n\/\/ --><br \/>\n<\/script><\/a><br \/>\n<noscript><a href=\"http:\/\/www.waudit.cz\/\"><img loading=\"lazy\" src=\"http:\/\/h.waudit.cz\/h.php?id=25890&amp;ty=b_31\" width=\"88\" height=\"31\" border=\"0\" title=\"\" alt=\"\"><\/a><\/noscript><\/td>\n<td><a href=\"http:\/\/www.toplist.cz\/stat\/1607906\"><script language=\"JavaScript\" type=\"text\/javascript\"><br \/>\n<!--\ndocument.write('<img loading=\"lazy\" src=\"http:\/\/toplist.cz\/count.asp?id=1607906&logo=3&http='+escape(document.referrer)+'&t='+escape(document.title)+\n'&wi='+escape(window.screen.width)+'&he='+escape(window.screen.height)+'&cd='+escape(window.screen.colorDepth)+'\" width=\"88\" height=\"31\" border=0 alt=\"TOPlist\" \/>');\n\/\/--><\/script><noscript><img loading=\"lazy\" src=\"http:\/\/toplist.cz\/count.asp?id=1607906&amp;logo=3\" border=\"0\" alt=\"TOPlist\" width=\"88\" height=\"31\"><\/noscript><\/a><\/td>\n<td><a href=\"http:\/\/www.czin.eu\/in\/1398154105.html\"><img loading=\"lazy\" src=\"http:\/\/i.czin.eu\/czinst.gif\" alt=\"CZIN.eu\" width=\"80\" height=\"15\" border=\"0\" \/><\/a><\/td>\n<td><!-- http:\/\/vsevjednom.cz - pocitadlo --><br \/>\n<script src=\"http:\/\/vsevjednom.cz\/poc_count.php?poc=24752&amp;typ=4&amp;lan=cs&amp;js=1\" type=\"text\/javascript\"><br \/>\n<\/script><br \/>\n<noscript><\/p>\n<p><a href=\"http:\/\/vsevjednom.cz\/\"><br \/>\n<img src=\"http:\/\/vsevjednom.cz\/pocitadlo_.php?poc=24752&amp;typ=4&amp;lan=cs&amp;js=0\" alt=\"Vsevjednom.cz\" style=\"border: 0px; height: 31px; width: 88px\"><br \/>\n<\/a><\/p>\n<p><!-- http:\/\/vsevjednom.cz - pocitadlo konec --><\/p>\n<p><\/noscript><\/td>\n<\/tr>\n<\/tbody>\n<\/table>\n<\/div>\n","protected":false},"excerpt":{"rendered":"<p>Aktualizace str\u00e1nky: 10.02.2021 Datab\u00e1ze v\u0161ech firem v \u010cesk\u00e9 a Slovensk\u00e9 republice Datab\u00e1ze firem obsahuje soubor informac\u00ed o 2 890 000 subjektech registrovan\u00fdch v \u010cR a v\u00edce ne\u017e 818 000 firm\u00e1ch v SR. V\u00fdb\u011br c\u00edlov\u00fdch skupin je mo\u017en\u00fd podle 80 krit\u00e9ri\u00ed, nap\u0159. region, obor podnik\u00e1n\u00ed, po\u010det zam\u011bstnanc\u016f, obrat, e-maily a dal\u0161\u00ed. V\u00fdkonn\u00fd ovl\u00e1dac\u00ed software, export dat [&hellip;]<\/p>\n","protected":false},"author":1,"featured_media":0,"parent":0,"menu_order":0,"comment_status":"closed","ping_status":"closed","template":"","meta":[],"aioseo_notices":[],"_links":{"self":[{"href":"https:\/\/databazefirem.eu\/index.php\/wp-json\/wp\/v2\/pages\/5"}],"collection":[{"href":"https:\/\/databazefirem.eu\/index.php\/wp-json\/wp\/v2\/pages"}],"about":[{"href":"https:\/\/databazefirem.eu\/index.php\/wp-json\/wp\/v2\/types\/page"}],"author":[{"embeddable":true,"href":"https:\/\/databazefirem.eu\/index.php\/wp-json\/wp\/v2\/users\/1"}],"replies":[{"embeddable":true,"href":"https:\/\/databazefirem.eu\/index.php\/wp-json\/wp\/v2\/comments?post=5"}],"version-history":[{"count":140,"href":"https:\/\/databazefirem.eu\/index.php\/wp-json\/wp\/v2\/pages\/5\/revisions"}],"predecessor-version":[{"id":1073,"href":"https:\/\/databazefirem.eu\/index.php\/wp-json\/wp\/v2\/pages\/5\/revisions\/1073"}],"wp:attachment":[{"href":"https:\/\/databazefirem.eu\/index.php\/wp-json\/wp\/v2\/media?parent=5"}],"curies":[{"name":"wp","href":"https:\/\/api.w.org\/{rel}","templated":true}]}}